{"id":162,"date":"2020-01-05T21:10:28","date_gmt":"2020-01-05T19:10:28","guid":{"rendered":"https:\/\/www.elamankipina.com\/suomineito2020\/?page_id=162"},"modified":"2020-01-13T00:24:12","modified_gmt":"2020-01-12T22:24:12","slug":"marjolindberg","status":"publish","type":"page","link":"https:\/\/www.elamankipina.com\/suomineito2020\/marjolindberg\/","title":{"rendered":"Marjo Lindberg"},"content":{"rendered":"<p><img decoding=\"async\" style=\"float: right; width: 40%;\" src=\"https:\/\/www.elamankipina.com\/suomineito2020\/wp-content\/uploads\/2020\/01\/marjoSiikaneva.jpg\"><\/p>\n<p>Seurailen luontoa ymp\u00e4ri vuoden ja aina v\u00e4h\u00e4n eri kantilta. Talven taittuminen kev\u00e4\u00e4ksi, p\u00f6ll\u00f6retket, muuttolintujen tulo sek\u00e4 alkukes\u00e4n y\u00f6laulajien konsertit ottavat oman aikansa. Kes\u00e4n tullen houkuttavat kasvit poluilta maastoon. Syksy on talven odottelua, v\u00e4riloistoa ja pohjoisten retkien aikaa. Luonto valmistautuu pikkuhiljaa talveen ja hiljaisempaan menoon.<\/p>\n<p>Odotan talven korkeita hankia ja pakkasen pauketta. Takana on monenlaisia retki\u00e4, mutta nyt olemme l\u00e4hd\u00f6ss\u00e4 kokemaan Suomen talvea pitk\u00e4n kaavan mukaan. Kolmen kuukauden telttailu ja hiihtely ahkion edell\u00e4 tuo varmasti kokemuksia, oivalluksia ja uusia ajatuksia ymp\u00e4r\u00f6iv\u00e4st\u00e4 luonnosta. Arjen opetusty\u00f6 luontoalalla on innostavaa ja kannustaa oppimaan lis\u00e4\u00e4 selviytymistaitoja jaettavaksi. Hyv\u00e4n retkikaverin kanssa niit\u00e4 on aikaa ty\u00f6st\u00e4\u00e4 ja hioa. Odotan mielenkiinnolla Suomen mittaisen matkan meille tarjoamia mahdollisuuksia, ja my\u00f6s n\u00f6yrin mielin valmistaudun sen meille j\u00e4rjest\u00e4miin jekkuihin.<\/p>\n<h3>Ty\u00f6el\u00e4m\u00e4<\/h3>\n<ul>\n<li>ammatillinen opettaja luontoalalla, tulevia er\u00e4oppaita kouluttaen<\/li>\n<li>luontokartoittaja<\/li>\n<li>er\u00e4- ja luonto-opas<\/li>\n<li>pitk\u00e4 tausta yritt\u00e4j\u00e4n\u00e4<\/li>\n<\/ul>\n<h3>Harrastuksia<\/h3>\n<ul>\n<li>retkeily\u00e4 lastenlasten kanssa<\/li>\n<li>lintujen-, kasvien ja luonnon havainnointia<\/li>\n<li>talviretkeily\u00e4 ja monenlaista liikkumista eri tavoin kaikkina vuodenaikoina<\/li>\n<li>mets\u00e4styst\u00e4<\/li>\n<li>moottoripy\u00f6r\u00e4ily\u00e4<\/li>\n<\/ul>\n<p>Kannustusjoukkoihin kuuluu puoliso ja iso liuta lapsia sek\u00e4 lastenlapsia.<\/p>\n","protected":false},"excerpt":{"rendered":"<p>Seurailen luontoa ymp\u00e4ri vuoden ja aina v\u00e4h\u00e4n eri kantilta. Talven taittuminen kev\u00e4\u00e4ksi, p\u00f6ll\u00f6retket, muuttolintujen tulo sek\u00e4 alkukes\u00e4n y\u00f6laulajien konsertit ottavat&hellip;<\/p>\n","protected":false},"author":1,"featured_media":0,"parent":0,"menu_order":0,"comment_status":"closed","ping_status":"closed","template":"","meta":[],"_links":{"self":[{"href":"https:\/\/www.elamankipina.com\/suomineito2020\/wp-json\/wp\/v2\/pages\/162"}],"collection":[{"href":"https:\/\/www.elamankipina.com\/suomineito2020\/wp-json\/wp\/v2\/pages"}],"about":[{"href":"https:\/\/www.elamankipina.com\/suomineito2020\/wp-json\/wp\/v2\/types\/page"}],"author":[{"embeddable":true,"href":"https:\/\/www.elamankipina.com\/suomineito2020\/wp-json\/wp\/v2\/users\/1"}],"replies":[{"embeddable":true,"href":"https:\/\/www.elamankipina.com\/suomineito2020\/wp-json\/wp\/v2\/comments?post=162"}],"version-history":[{"count":16,"href":"https:\/\/www.elamankipina.com\/suomineito2020\/wp-json\/wp\/v2\/pages\/162\/revisions"}],"predecessor-version":[{"id":309,"href":"https:\/\/www.elamankipina.com\/suomineito2020\/wp-json\/wp\/v2\/pages\/162\/revisions\/309"}],"wp:attachment":[{"href":"https:\/\/www.elamankipina.com\/suomineito2020\/wp-json\/wp\/v2\/media?parent=162"}],"curies":[{"name":"wp","href":"https:\/\/api.w.org\/{rel}","templated":true}]}}