{"id":167,"date":"2020-01-05T21:16:35","date_gmt":"2020-01-05T19:16:35","guid":{"rendered":"https:\/\/www.elamankipina.com\/suomineito2020\/?page_id=167"},"modified":"2020-01-13T00:19:58","modified_gmt":"2020-01-12T22:19:58","slug":"jaanavanhatalo","status":"publish","type":"page","link":"https:\/\/www.elamankipina.com\/suomineito2020\/jaanavanhatalo\/","title":{"rendered":"Jaana Vanhatalo"},"content":{"rendered":"<p><img decoding=\"async\" style=\"float: right; width: 33%;\" src=\"https:\/\/www.elamankipina.com\/suomineito2020\/wp-content\/uploads\/2020\/01\/JaanaKoli.jpg\"><\/p>\n<p>Luonnossa liikkuminen ja selviytyminen on minulle harrastuksistani t\u00e4rkein. Mielenkiinto vanhoihin aikoihin, jolloin elettiin ja selviydyttiin luonnossa. Silloin normaaliin el\u00e4m\u00e4\u00e4n kuului mets\u00e4stys, kalastus ja luonnon antimien sek\u00e4 kasvien hy\u00f6tyk\u00e4ytt\u00f6. T\u00e4m\u00e4 oli jokap\u00e4iv\u00e4inen tapa el\u00e4\u00e4 ja selvit\u00e4, hankkia elanto. Ty\u00f6v\u00e4lineet tehtiin luonnosta. Hiljalleen olemme vieraantuneet t\u00e4st\u00e4 er\u00e4el\u00e4m\u00e4st\u00e4 ja el\u00e4m\u00e4mme nyky\u00e4\u00e4n on hyvin ohjeistettua. Mets\u00e4st\u00e4 tulee vieras ja pelottava ymp\u00e4rist\u00f6, taidot selvit\u00e4 siell\u00e4 katoavat. T\u00e4m\u00e4n taidon ja asian haluan s\u00e4ilytt\u00e4\u00e4 itsell\u00e4ni. Kokea luontoa siell\u00e4 tekem\u00e4ll\u00e4 ja olemalla sek\u00e4 oppimalla ja jakaa sit\u00e4 oppia sek\u00e4 oppimaani tietoa muille kokemusteni kautta.<\/p>\n<p>Suomen retkeilymahdollisuudet ovat poikkeuksellisen hyv\u00e4t. Suomen luonto on kaunis ja ainutkertainen. Suomineitojen matkassa Suomen l\u00e4pi hiiht\u00e4en on matka, jonka haluamme kokea \u2212 retkeill\u00e4 3 kuukautta hiiht\u00e4en ja selviytyen t\u00e4\u00e4ll\u00e4 Suomessa. T\u00e4st\u00e4 tulee yksi t\u00e4rkein ja hienoin kokemuksemme sek\u00e4 matka. Jo t\u00e4m\u00e4 valmistautuminen tulevaan ja retken suunnittelu on ollut mielenkiintoista ja innostavaa.<\/p>\n<p>Haasteita on edess\u00e4. Menemme maltilla, luontoa kunnioittaen ja kuunnellen etenemme p\u00e4iv\u00e4 kerrallaan ja katsotaan minne asti matkamme meit\u00e4 t\u00e4ll\u00e4 kertaa meit\u00e4 vie.<\/p>\n<h3>Ty\u00f6el\u00e4m\u00e4<\/h3>\n<ul>\n<li>matkailupalveluidentuottaja, er\u00e4 -ja luonto-opas<\/li>\n<li>yritt\u00e4j\u00e4 luontopalvelut<\/li>\n<li>perushoitaja<\/li>\n<\/ul>\n<h3>Harrastuksia<\/h3>\n<ul>\n<li>luonnossa selviytyminen\/henkiinj\u00e4\u00e4minen, Survival killassa toimiminen = <a href=\"https:\/\/www.survivalkilta.fi\" target=\"_new\" rel=\"noopener noreferrer\">www.survivalkilta.fi<\/a><\/li>\n<li>luonto, luonnonyrtit ja marjat sek\u00e4 sienet<\/li>\n<li>retkeily kaikkina vuodenaikoina<\/li>\n<li>huskyt, my\u00f6s retkikavereina<\/li>\n<li>mets\u00e4stys<\/li>\n<li>luistelu, hiihto, suunnistus, py\u00f6r\u00e4ily, soutu, juoksu = <a href=\"https:\/\/www.kalevankierros.fi\" target=\"_new\" rel=\"noopener noreferrer\">www.kalevankierros.fi<\/a><\/li>\n<li>uinti<\/li>\n<\/ul>\n<p>Kannustusjoukkoihin kuuluvat puoliso, lapset, sek\u00e4 lapsenlapsi.<\/p>\n","protected":false},"excerpt":{"rendered":"<p>Luonnossa liikkuminen ja selviytyminen on minulle harrastuksistani t\u00e4rkein. Mielenkiinto vanhoihin aikoihin, jolloin elettiin ja selviydyttiin luonnossa. Silloin normaaliin el\u00e4m\u00e4\u00e4n kuului&hellip;<\/p>\n","protected":false},"author":1,"featured_media":0,"parent":0,"menu_order":0,"comment_status":"closed","ping_status":"closed","template":"","meta":[],"_links":{"self":[{"href":"https:\/\/www.elamankipina.com\/suomineito2020\/wp-json\/wp\/v2\/pages\/167"}],"collection":[{"href":"https:\/\/www.elamankipina.com\/suomineito2020\/wp-json\/wp\/v2\/pages"}],"about":[{"href":"https:\/\/www.elamankipina.com\/suomineito2020\/wp-json\/wp\/v2\/types\/page"}],"author":[{"embeddable":true,"href":"https:\/\/www.elamankipina.com\/suomineito2020\/wp-json\/wp\/v2\/users\/1"}],"replies":[{"embeddable":true,"href":"https:\/\/www.elamankipina.com\/suomineito2020\/wp-json\/wp\/v2\/comments?post=167"}],"version-history":[{"count":16,"href":"https:\/\/www.elamankipina.com\/suomineito2020\/wp-json\/wp\/v2\/pages\/167\/revisions"}],"predecessor-version":[{"id":302,"href":"https:\/\/www.elamankipina.com\/suomineito2020\/wp-json\/wp\/v2\/pages\/167\/revisions\/302"}],"wp:attachment":[{"href":"https:\/\/www.elamankipina.com\/suomineito2020\/wp-json\/wp\/v2\/media?parent=167"}],"curies":[{"name":"wp","href":"https:\/\/api.w.org\/{rel}","templated":true}]}}