{"id":68,"date":"2020-01-05T00:44:47","date_gmt":"2020-01-04T22:44:47","guid":{"rendered":"https:\/\/www.elamankipina.com\/suomineito2020\/?page_id=68"},"modified":"2020-01-05T19:51:12","modified_gmt":"2020-01-05T17:51:12","slug":"suomineito-esittely","status":"publish","type":"page","link":"https:\/\/www.elamankipina.com\/suomineito2020\/suomineito-esittely\/","title":{"rendered":"Suomineito &#8212; esittely"},"content":{"rendered":"<p>Tuulentyt\u00f6t on kolmen naisen retkikunta, joka ylitti Gr\u00f6nlannin j\u00e4\u00e4tik\u00f6n hiiht\u00e4en kev\u00e4\u00e4ll\u00e4 2017. Takana my\u00f6s yhteisi\u00e4 retki\u00e4 Suomen, Ruotsin ja Norjan Lapissa, Huippuvuorilla ja Pohjois- Gr\u00f6nlannissa. Matkastamme yli Gr\u00f6nlannin mannerj\u00e4\u00e4tik\u00f6n voitte lukea www.elamankipina.com\/tuulentytot.<\/p>\n<p>Gr\u00f6nlannin retkemme oli onnistunut ja olemme olleet monissa lehdiss\u00e4 kuvin ja tarinoin esill\u00e4. Olemme pit\u00e4neet kahden vuoden aikana kymmeni\u00e4 erilaisia tilaisuuksia ja luentoja viiden viikon vaelluksesta j\u00e4\u00e4tik\u00f6n yli.<\/p>\n<h2 style=\"background: url(kuvia\/tykkylunta.jpg); text-align: center; color: #FFFFFF; margin: 0;padding: 60px 0; font-size: calc(4vw + 4vh + 2vmin);\">Nyt on uudet<br \/>\nsuunnitelmat ja reitit!<\/h2>\n<p>Tuulentyt\u00f6t Marjo ja Jaana l\u00e4htev\u00e4t kotimaan matkailun merkeiss\u00e4 hiiht\u00e4m\u00e4\u00e4n varusteineen, ev\u00e4ineen telttamajoituksella Suomenlahden rannalta Virolahdesta tavoitteenaan Suomen pohjoisin kyl\u00e4 Nuorgam. Suomen mittaiseen hiihtoon ja telttailuun on varattu aikaa kolme kuukautta. 1.2. \u2013 30.4.2020. Matkan pituus on 1500 \u2013 1700 km riippuen j\u00e4\u00e4- ja lumitilanteesta.<\/p>\n<p>Meit\u00e4 yhdist\u00e4\u00e4 rakkaus luontoon ja erityisesti talviseen luontoon, talviretkeilyyn ja selviytymiseen vaativissa olosuhteissa. Vahvuutemme on monipuolinen osaaminen ja yhteinen toimintatapa. Olemme innokkaita oppimaan uutta ja kohdatessamme haasteita, tartumme niihin ja hankimme lis\u00e4\u00e4 osaamista l\u00f6yt\u00e4\u00e4ksemme ratkaisun.<\/p>\n<p>Yhteisen\u00e4 l\u00e4ht\u00f6kohtana Tuulentytt\u00f6jen retkill\u00e4 on turvallisuus ja huolellinen valmistautuminen. Olemme valmistelleet tulevaa Suomineito 2020 -retke\u00e4 jo pitk\u00e4\u00e4n ja l\u00e4hdemme matkaan odottavin ja iloisin mielin. Meill\u00e4 on edess\u00e4mme retki upeaan, monipuoliseen ja haasteelliseen Suomen luontoon!<\/p>\n","protected":false},"excerpt":{"rendered":"<p>Tuulentyt\u00f6t on kolmen naisen retkikunta, joka ylitti Gr\u00f6nlannin j\u00e4\u00e4tik\u00f6n hiiht\u00e4en kev\u00e4\u00e4ll\u00e4 2017. Takana my\u00f6s yhteisi\u00e4 retki\u00e4 Suomen, Ruotsin ja Norjan&hellip;<\/p>\n","protected":false},"author":1,"featured_media":0,"parent":0,"menu_order":0,"comment_status":"closed","ping_status":"closed","template":"template-page-sitemap.php","meta":[],"_links":{"self":[{"href":"https:\/\/www.elamankipina.com\/suomineito2020\/wp-json\/wp\/v2\/pages\/68"}],"collection":[{"href":"https:\/\/www.elamankipina.com\/suomineito2020\/wp-json\/wp\/v2\/pages"}],"about":[{"href":"https:\/\/www.elamankipina.com\/suomineito2020\/wp-json\/wp\/v2\/types\/page"}],"author":[{"embeddable":true,"href":"https:\/\/www.elamankipina.com\/suomineito2020\/wp-json\/wp\/v2\/users\/1"}],"replies":[{"embeddable":true,"href":"https:\/\/www.elamankipina.com\/suomineito2020\/wp-json\/wp\/v2\/comments?post=68"}],"version-history":[{"count":5,"href":"https:\/\/www.elamankipina.com\/suomineito2020\/wp-json\/wp\/v2\/pages\/68\/revisions"}],"predecessor-version":[{"id":83,"href":"https:\/\/www.elamankipina.com\/suomineito2020\/wp-json\/wp\/v2\/pages\/68\/revisions\/83"}],"wp:attachment":[{"href":"https:\/\/www.elamankipina.com\/suomineito2020\/wp-json\/wp\/v2\/media?parent=68"}],"curies":[{"name":"wp","href":"https:\/\/api.w.org\/{rel}","templated":true}]}}